{"id":64,"date":"2024-01-15T14:56:36","date_gmt":"2024-01-15T13:56:36","guid":{"rendered":"https:\/\/neu.kino-swa.de\/?page_id=64"},"modified":"2026-01-22T22:26:24","modified_gmt":"2026-01-22T21:26:24","slug":"unser-kino","status":"publish","type":"page","link":"https:\/\/kino-swa.de\/main\/unser-kino\/","title":{"rendered":"Unser Kino"},"content":{"rendered":"<h3 style=\"text-align: center;\">\u00a0<\/h3>\r\n<h1 style=\"text-align: center;\"><strong>Unser Kino im Wandel der Zeit<\/strong><\/h1>\r\n<h2 style=\"text-align: center;\" data-start=\"292\" data-end=\"341\"><strong data-start=\"295\" data-end=\"341\">100 Jahre Kinogeschichte in Bad Schwalbach<\/strong><\/h2>\r\n<h2 style=\"text-align: center;\" data-start=\"343\" data-end=\"378\"><strong>Die Anf\u00e4nge \u2013 Kino wird geboren<\/strong><\/h2>\r\n<h3 style=\"text-align: center;\"><strong>1926<\/strong><\/h3>\r\n<h3 style=\"text-align: center;\"><strong>Die Geschichte unseres Kinos beginnt mit Stummfilmvorf\u00fchrungen und Klavierbegleitung im Saal der Gastst\u00e4tte <em data-start=\"499\" data-end=\"510\">Zur Krone<\/em>. Kino ist damals noch ein gesellschaftliches Ereignis \u2013 ein Ort des Staunens, der Begegnung und der gemeinsamen Erlebnisse.<\/strong><\/h3>\r\n<h3 style=\"text-align: center;\"><strong><img decoding=\"async\" class=\"aligncenter wp-image-66 size-full\" src=\"https:\/\/kino-swa.de\/main\/wp-content\/uploads\/2024\/01\/unser_kino_1-300x212-1.jpg\" alt=\"\" width=\"300\" height=\"212\" \/><\/strong><\/h3>\r\n<h3 style=\"text-align: center;\"><strong>1953<\/strong><\/h3>\r\n<h3 style=\"text-align: center;\"><strong>Die letzte Vorstellung der <em data-start=\"674\" data-end=\"694\">Kronen-Lichtspiele<\/em> findet statt. Das Kino schlie\u00dft seine T\u00fcren, ein Umzug in den gro\u00dfen Kurhaussaal steht bevor.<\/strong><\/h3>\r\n<h3 style=\"text-align: center;\"><strong>1956<\/strong><\/h3>\r\n<h3 style=\"text-align: center;\"><strong>Der Kronensaal er\u00f6ffnet neu als BAMBI-Lichtspiele. Der Kinobetrieb nimmt wieder seinen regelm\u00e4\u00dfigen Lauf und wird erneut fester Bestandteil des kulturellen Lebens in Bad Schwalbach.<\/strong><\/h3>\r\n<h3 style=\"text-align: center;\"><strong><img decoding=\"async\" class=\"aligncenter wp-image-67 size-full\" src=\"https:\/\/kino-swa.de\/main\/wp-content\/uploads\/2024\/01\/unser_kino_2-300x197-1.jpg\" alt=\"\" width=\"300\" height=\"197\" \/><\/strong><\/h3>\r\n<h3 style=\"text-align: center;\">\u00a0<\/h3>\r\n<h2 style=\"text-align: center;\" data-start=\"993\" data-end=\"1022\"><strong>Wandel, Mut und neue Wege<\/strong><\/h2>\r\n<h3 style=\"text-align: center;\"><strong>1980<\/strong><\/h3>\r\n<h3 style=\"text-align: center;\"><strong>Nach dem Tod des Kinobesitzers Wilhelm Haas steht das Lichtspielhaus vor einer ungewissen Zukunft.<\/strong><br data-start=\"1133\" data-end=\"1136\" \/><strong>Seine Tochter Margot Haas und ihr Ehemann Volker Weis entscheiden sich bewusst gegen die Schlie\u00dfung \u2013 und f\u00fcr den Weiterbetrieb des Kinos.<\/strong><\/h3>\r\n<h3 style=\"text-align: center;\"><strong>1982<\/strong><\/h3>\r\n<h3 style=\"text-align: center;\"><strong>Ein umfassender Umbau wird durchgef\u00fchrt. Aus einem Saal entstehen zwei Kinos\u00e4le mit neuen Notausg\u00e4ngen \u2013 ein wichtiger Schritt in die Zukunft.<\/strong><\/h3>\r\n<h3 style=\"text-align: center;\"><strong>1983<\/strong><\/h3>\r\n<h3 style=\"text-align: center;\"><strong><span style=\"font-family: 'Arial',sans-serif; color: #333333;\">Die Geburtsstunde von BAMBI &amp; CAMERA.<br data-start=\"1495\" data-end=\"1498\" \/>Vom 4. bis 6. M\u00e4rz wird die Neuer\u00f6ffnung mit Tagen der offenen T\u00fcr, Trailershows und Kinoplakat-Verk\u00e4ufen gefeiert.<br data-start=\"1613\" data-end=\"1616\" \/>Der offizielle Er\u00f6ffnungsfilm ist <em data-start=\"1650\" data-end=\"1679\">Der gez\u00e4hmte Widerspenstige<\/em>.<\/span><\/strong><\/h3>\r\n<h3 style=\"text-align: center;\" data-start=\"1682\" data-end=\"1970\"><strong><span style=\"font-family: 'Arial',sans-serif; color: #333333;\">Es folgen erfolgreiche Jahre mit neuen Ideen und Formaten:<br data-start=\"1740\" data-end=\"1743\" \/>der Montag-Kinotag, Kooperationen mit benachbarten Kinos, fr\u00fche Filmstarts, Sonderprogramme f\u00fcr Kurg\u00e4ste inklusive R\u00fcckfahrservice sowie Reihen wie <em data-start=\"1895\" data-end=\"1911\">KIK-Kinderkino<\/em>, <em data-start=\"1913\" data-end=\"1934\">Auslese am Mittwoch<\/em> und die beliebte <em data-start=\"1952\" data-end=\"1969\">Lange Kinonacht<\/em>.<\/span><\/strong><\/h3>\r\n<h3 style=\"text-align: center;\"><strong><img decoding=\"async\" class=\"aligncenter wp-image-68 size-full\" src=\"https:\/\/kino-swa.de\/main\/wp-content\/uploads\/2024\/01\/unser_kino_3-300x201-1.jpg\" alt=\"\" width=\"300\" height=\"201\" \/><\/strong><\/h3>\r\n<h3 style=\"text-align: center;\"><strong><img decoding=\"async\" class=\"aligncenter wp-image-69 size-full\" src=\"https:\/\/kino-swa.de\/main\/wp-content\/uploads\/2024\/01\/unser_kino_4-300x206-1.jpg\" alt=\"\" width=\"300\" height=\"206\" \/><\/strong><\/h3>\r\n<h3 style=\"text-align: center;\">\u00a0<\/h3>\r\n<h2 style=\"text-align: center;\"><strong>Abschied auf Zeit<\/strong><\/h2>\r\n<h3 style=\"text-align: center;\" data-start=\"2000\" data-end=\"2291\"><strong>Mit zunehmendem Alter der Betreiber und den hohen Investitionen, die eine Digitalisierung erfordert h\u00e4tte, reift schlie\u00dflich der schwere Entschluss zur Schlie\u00dfung.<\/strong><br data-start=\"2163\" data-end=\"2166\" \/><strong>Die 84-j\u00e4hrige Kinogeschichte Bad Schwalbachs endet erstmals.<\/strong><br data-start=\"2231\" data-end=\"2234\" \/><strong>Ein sp\u00e4terer Verpachtungsversuch bleibt leider erfolglos.<\/strong><\/h3>\r\n<h3 style=\"text-align: center;\"><strong>2012<\/strong><\/h3>\r\n<h3 style=\"text-align: center;\"><strong>Noch einmal werden die Projektoren angeworfen: Der in Bad Schwalbach und dem Wispertal gedrehte Film <em data-start=\"2405\" data-end=\"2424\">Ein ruhiges Leben<\/em> wird gezeigt.<\/strong><br data-start=\"2438\" data-end=\"2441\" \/><strong>\u00dcber 300 Besucherinnen und Besucher finden an diesem Wochenende den Weg zur\u00fcck in <em data-start=\"2527\" data-end=\"2532\">ihr<\/em> Kino.<\/strong><br data-start=\"2538\" data-end=\"2541\" \/><strong>Danach f\u00e4llt endg\u00fcltig der letzte Vorhang.<\/strong><\/h3>\r\n<h3 style=\"text-align: center;\">\u00a0<\/h3>\r\n<h2 style=\"text-align: center;\"><strong>Ein neuer Anfang<\/strong><\/h2>\r\n<h3 style=\"text-align: center;\"><strong>2016<\/strong><\/h3>\r\n<h3 style=\"text-align: center;\"><strong><span style=\"font-family: 'Arial',sans-serif; color: #333333;\">Getreu dem Motto <em data-start=\"2640\" data-end=\"2671\">\u201eDie Hoffnung stirbt zuletzt\u201c<\/em> wagen zwei junge Kinobegeisterte den Neustart.<br data-start=\"2718\" data-end=\"2721\" \/>Nach umfangreichen Renovierungsarbeiten und der Erneuerung der Technik wird das Kino am 16. Juli 2016 wiederer\u00f6ffnet.<\/span><\/strong><\/h3>\r\n<h3 style=\"text-align: center;\" data-start=\"2844\" data-end=\"3058\"><strong><span style=\"font-family: 'Arial',sans-serif; color: #333333;\">Betreiber ist nun die Bambi &amp; Camera UG, gef\u00fchrt von Stefanie Lehmann und Christian D\u00e4mgen.<br data-start=\"2943\" data-end=\"2946\" \/>Mit Mut, Leidenschaft und gro\u00dfem Engagement wird die mittlerweile fast 90-j\u00e4hrige Kinotradition fortgef\u00fchrt.<\/span><\/strong><\/h3>\r\n<h3 style=\"text-align: center;\"><strong><img decoding=\"async\" class=\"aligncenter wp-image-70 size-full\" src=\"https:\/\/kino-swa.de\/main\/wp-content\/uploads\/2024\/01\/unser_kino_5-225x300-1.jpg\" alt=\"\" width=\"225\" height=\"300\" \/><\/strong><\/h3>\r\n<h3 style=\"text-align: center;\"><strong><img decoding=\"async\" class=\"aligncenter wp-image-71 size-full\" src=\"https:\/\/kino-swa.de\/main\/wp-content\/uploads\/2024\/01\/unser_kino_6-300x225-1.jpg\" alt=\"\" width=\"300\" height=\"225\" \/><\/strong><\/h3>\r\n<h3 style=\"text-align: center;\"><strong><img decoding=\"async\" class=\"aligncenter wp-image-72 size-full\" src=\"https:\/\/kino-swa.de\/main\/wp-content\/uploads\/2024\/01\/unser_kino_7-225x300-1.jpg\" alt=\"\" width=\"225\" height=\"300\" \/><\/strong><\/h3>\r\n<h3 style=\"text-align: center;\"><strong>2017\u20132019<\/strong><br data-start=\"3116\" data-end=\"3119\" \/><strong>In den folgenden Jahren wird kontinuierlich modernisiert:<\/strong><\/h3>\r\n<h3 style=\"text-align: center;\"><strong>Ausbau des gro\u00dfen Saals auf 7.1 Surround Sound<br \/>neue Subwoofer, Verst\u00e4rker und Bestuhlung<br \/>neue LED-Beleuchtung<br \/>vollst\u00e4ndige Neugestaltung von Theke, Foyer und Fluren<br \/>Auszeichnung als eines der 100 beliebtesten Kinos Deutschlands<br \/>Bundesweite Ehrung f\u00fcr ein besonders gutes Kinder- und Jugendfilmprogramm<\/strong><\/h3>\r\n<h2>\u00a0<\/h2>\r\n<h2 style=\"text-align: center;\"><strong>Kino in au\u00dfergew\u00f6hnlichen Zeiten<\/strong><\/h2>\r\n<h3 style=\"text-align: center;\" data-start=\"3558\" data-end=\"3675\"><strong data-start=\"3558\" data-end=\"3571\">2020\u20132021<\/strong><br data-start=\"3571\" data-end=\"3574\" \/><strong>Die Corona-Pandemie stellt das Kino vor enorme Herausforderungen. Stillstand ist jedoch keine Option.<\/strong><\/h3>\r\n<h3 style=\"text-align: center;\" data-start=\"3677\" data-end=\"3741\"><strong>W\u00e4hrend der Schlie\u00dfungen entstehen zahlreiche kreative Projekte:<\/strong><\/h3>\r\n<h3 style=\"text-align: center;\"><strong>Popcorn-Lieferdienst<br \/><\/strong><strong style=\"color: revert; font-size: revert;\">Disco-Weihnachtsmarkt<br \/><\/strong><strong style=\"color: revert; font-size: revert;\">Wochenmarkt-Auftritte<br \/><\/strong><strong style=\"color: revert; font-size: revert;\">exklusive Saalvermietungen f\u00fcr Hausst\u00e4nde<br \/><\/strong><strong style=\"color: revert; font-size: revert;\">neue L\u00fcftungs- und Klimasysteme<\/strong><\/h3>\r\n<h3 style=\"text-align: center;\" data-start=\"3902\" data-end=\"4053\"><strong>Ein besonderes Highlight ist das \u201eKino im Park\u201c, bei dem an zehn Veranstaltungstagen \u00fcber 2.200 G\u00e4ste im Kurpark Bad Schwalbach begr\u00fc\u00dft werden.<\/strong><\/h3>\r\n<h3 data-start=\"4060\" data-end=\"4089\">\u00a0<\/h3>\r\n<h2 style=\"text-align: center;\" data-start=\"4060\" data-end=\"4089\"><strong>Nachhaltigkeit &amp; Open Air<\/strong><\/h2>\r\n<h3 style=\"text-align: center;\" data-start=\"4091\" data-end=\"4147\"><strong data-start=\"4091\" data-end=\"4104\">2022\u20132023<\/strong><br data-start=\"4104\" data-end=\"4107\" \/><strong>Das Kino wird nachhaltiger und moderner:<br \/><\/strong><\/h3>\r\n<h3 style=\"text-align: center;\" data-start=\"4091\" data-end=\"4147\"><strong style=\"color: revert; font-size: revert;\">Installation und Erweiterung von Photovoltaikanlagen mit Stromspeicher<br \/><\/strong><strong style=\"color: revert; font-size: revert;\">Erneuerung der Servertechnik<br \/><\/strong><strong style=\"color: revert; font-size: revert;\">Einf\u00fchrung von Mehrwegbechern<br \/><\/strong><strong style=\"color: revert; font-size: revert;\">Ausbau von Open-Air-Formaten<br \/><\/strong><strong style=\"color: revert; font-size: revert;\">Eigenstromproduktion von rund 20 %<br \/><\/strong><\/h3>\r\n<p>&nbsp;<\/p>\r\n<h2 style=\"text-align: center;\" data-start=\"4091\" data-end=\"4147\"><strong>Heute \u2013 und st\u00e4ndig in Bewegung<\/strong><\/h2>\r\n<h3 style=\"text-align: center;\" data-start=\"4411\" data-end=\"4462\"><strong data-start=\"4411\" data-end=\"4419\">2024<\/strong><br data-start=\"4419\" data-end=\"4422\" \/><strong>Neue Filmreihen bereichern das Programm:<br \/><\/strong><strong style=\"color: revert; font-size: revert;\"><em data-start=\"4465\" data-end=\"4489\">Kinder- und Jugendkino<br \/><\/em><\/strong><strong style=\"color: revert; font-size: revert;\"><em data-start=\"4494\" data-end=\"4532\">Das Beste aus Deutschland und Europa<br \/><\/em><\/strong><strong style=\"color: revert; font-size: revert;\"><em data-start=\"4537\" data-end=\"4560\">Die besondere Auswahl<\/em><\/strong><\/h3>\r\n<h3 style=\"text-align: center;\" data-start=\"4564\" data-end=\"4891\"><strong>Zudem werden warme Snacks eingef\u00fchrt, vollst\u00e4ndig auf Mehrweg umgestellt und mehrere Open-Air-Kinos in der Region veranstaltet.<\/strong><br data-start=\"4691\" data-end=\"4694\" \/><strong>Ein neuer Laserprojektor sorgt im gro\u00dfen Saal f\u00fcr ein helleres, sch\u00e4rferes Bild bei deutlich geringerem Stromverbrauch.<\/strong><br data-start=\"4817\" data-end=\"4820\" \/><strong>Die Entscheidung f\u00e4llt, das 3D-System zun\u00e4chst au\u00dfer Betrieb zu nehmen.<\/strong><\/h3>\r\n<p>&nbsp;<\/p>\r\n<h2 style=\"text-align: center;\" data-start=\"4898\" data-end=\"4942\"><strong>Technik, die man h\u00f6rt \u2013 und wieder sieht<\/strong><\/h2>\r\n<h3 style=\"text-align: center;\" data-start=\"4944\" data-end=\"5191\"><strong data-start=\"4944\" data-end=\"4952\">2025<\/strong><br data-start=\"4952\" data-end=\"4955\" \/><strong>Ein Blitzeinschlag besch\u00e4digt Teile der Tontechnik.<\/strong><br data-start=\"5006\" data-end=\"5009\" \/><strong>Die betroffenen Tonprozessoren und Verst\u00e4rker werden nicht nur ersetzt, sondern bewusst auf moderne Technik umger\u00fcstet, um das Klangbild noch pr\u00e4ziser und stimmiger zu gestalten.<\/strong><\/h3>\r\n<h3 style=\"text-align: center;\" data-start=\"5193\" data-end=\"5320\"><strong>Mitte 2025 wird zudem das 3D-System wieder in Betrieb genommen.<\/strong><br data-start=\"5260\" data-end=\"5263\" \/><strong>Der gro\u00dfe Saal ist damit erneut vollst\u00e4ndig 3D-f\u00e4hig.<\/strong><\/h3>\r\n<p>&nbsp;<\/p>\r\n<h2 style=\"text-align: center;\" data-start=\"5327\" data-end=\"5351\"><strong>Ein Jahrhundert Kino<\/strong><\/h2>\r\n<h3 style=\"text-align: center;\" data-start=\"5353\" data-end=\"5457\"><strong data-start=\"5353\" data-end=\"5361\">2026<\/strong><br data-start=\"5361\" data-end=\"5364\" \/><strong>Ein ganz besonderes Jahr:<\/strong><br data-start=\"5389\" data-end=\"5392\" \/><strong>Unser Kino feiert 100 Jahre Kinogeschichte in Bad Schwalbach.<\/strong><\/h3>\r\n<h3 style=\"text-align: center;\" data-start=\"5459\" data-end=\"5604\"><strong>Seit 1926 begleitet das Kino Generationen von Menschen \u2013 durch technische Umbr\u00fcche, gesellschaftliche Ver\u00e4nderungen und viele bewegte Jahrzehnte.<\/strong><\/h3>\r\n<h3 style=\"text-align: center;\" data-start=\"5606\" data-end=\"5847\"><strong>Aktuell laufen die Vorbereitungen f\u00fcr ein gro\u00dfes Jubil\u00e4um, das im Juli 2026 im Kurpark Bad Schwalbach stattfinden soll.<\/strong><br data-start=\"5733\" data-end=\"5736\" \/><strong>Geplant ist eine besondere Veranstaltung, die Filmgeschichte, Kinoerlebnis und Begegnung miteinander verbindet.<\/strong><\/h3>\r\n<p>&nbsp;<\/p>\r\n<h2 style=\"text-align: center;\" data-start=\"5854\" data-end=\"5878\"><strong data-start=\"5857\" data-end=\"5878\">Unser Versprechen<\/strong><\/h2>\r\n<h3 style=\"text-align: center;\" data-start=\"5880\" data-end=\"6045\"><strong data-start=\"5880\" data-end=\"5928\">Bambi &amp; Camera ist kein Kino von der Stange.<\/strong><br data-start=\"5928\" data-end=\"5931\" \/><strong>Es ist ein Ort f\u00fcr Filmkultur, Gemeinschaft, Mut zur Ver\u00e4nderung und echte Leidenschaft \u2013 seit nunmehr 100 Jahren.<\/strong><\/h3>\r\n<h3 style=\"text-align: center;\" data-start=\"6047\" data-end=\"6096\"><strong>Und wir freuen uns auf alles, was noch kommt. \ud83c\udfac\u2728<\/strong><\/h3>\r\n\r\n<p>&nbsp;<\/p>\r\n","protected":false},"excerpt":{"rendered":"<p>\u00a0 Unser Kino im Wandel der Zeit 100 Jahre Kinogeschichte in Bad Schwalbach Die Anf\u00e4nge \u2013 Kino wird geboren 1926 Die Geschichte unseres Kinos beginnt mit Stummfilmvorf\u00fchrungen und Klavierbegleitung im Saal der Gastst\u00e4tte Zur&#46;&#46;&#46;<\/p>\n","protected":false},"author":1,"featured_media":0,"parent":0,"menu_order":0,"comment_status":"closed","ping_status":"closed","template":"","meta":{"footnotes":""},"class_list":["post-64","page","type-page","status-publish","hentry"],"_links":{"self":[{"href":"https:\/\/kino-swa.de\/main\/wp-json\/wp\/v2\/pages\/64","targetHints":{"allow":["GET"]}}],"collection":[{"href":"https:\/\/kino-swa.de\/main\/wp-json\/wp\/v2\/pages"}],"about":[{"href":"https:\/\/kino-swa.de\/main\/wp-json\/wp\/v2\/types\/page"}],"author":[{"embeddable":true,"href":"https:\/\/kino-swa.de\/main\/wp-json\/wp\/v2\/users\/1"}],"replies":[{"embeddable":true,"href":"https:\/\/kino-swa.de\/main\/wp-json\/wp\/v2\/comments?post=64"}],"version-history":[{"count":11,"href":"https:\/\/kino-swa.de\/main\/wp-json\/wp\/v2\/pages\/64\/revisions"}],"predecessor-version":[{"id":574,"href":"https:\/\/kino-swa.de\/main\/wp-json\/wp\/v2\/pages\/64\/revisions\/574"}],"wp:attachment":[{"href":"https:\/\/kino-swa.de\/main\/wp-json\/wp\/v2\/media?parent=64"}],"curies":[{"name":"wp","href":"https:\/\/api.w.org\/{rel}","templated":true}]}}