{"id":56,"date":"2024-01-15T14:54:53","date_gmt":"2024-01-15T13:54:53","guid":{"rendered":"https:\/\/neu.kino-swa.de\/?page_id=56"},"modified":"2025-09-11T11:58:17","modified_gmt":"2025-09-11T09:58:17","slug":"willkommen","status":"publish","type":"page","link":"https:\/\/kino-swa.de\/main\/willkommen\/","title":{"rendered":"Willkommen"},"content":{"rendered":"<p style=\"text-align: center; margin-top: 50px;\"><strong>Willkommen auf der Internetpr\u00e4senz des Bambi-Camera Kinos.<\/strong><\/p>\n<p style=\"text-align: center;\">Das aktuelle Kinoprogramm k\u00f6nnen Sie auf der <a href=\"https:\/\/kino-swa.de\">Programmseite<\/a> einsehen. Dort k\u00f6nnen Sie Eintrittskarten reservieren oder kaufen. Die Preise entnehmen Sie bitte unserer <a href=\"https:\/\/kino-swa.de\/main\/preise\/\">Preis\u00fcbersicht<\/a>.<\/p>\n","protected":false},"excerpt":{"rendered":"<p>Willkommen auf der Internetpr\u00e4senz des Bambi-Camera Kinos. Das aktuelle Kinoprogramm k\u00f6nnen Sie auf der Programmseite einsehen. Dort k\u00f6nnen Sie Eintrittskarten reservieren oder kaufen. Die Preise entnehmen Sie bitte unserer Preis\u00fcbersicht.<\/p>\n","protected":false},"author":1,"featured_media":0,"parent":0,"menu_order":0,"comment_status":"closed","ping_status":"closed","template":"","meta":{"footnotes":""},"class_list":["post-56","page","type-page","status-publish","hentry"],"_links":{"self":[{"href":"https:\/\/kino-swa.de\/main\/wp-json\/wp\/v2\/pages\/56","targetHints":{"allow":["GET"]}}],"collection":[{"href":"https:\/\/kino-swa.de\/main\/wp-json\/wp\/v2\/pages"}],"about":[{"href":"https:\/\/kino-swa.de\/main\/wp-json\/wp\/v2\/types\/page"}],"author":[{"embeddable":true,"href":"https:\/\/kino-swa.de\/main\/wp-json\/wp\/v2\/users\/1"}],"replies":[{"embeddable":true,"href":"https:\/\/kino-swa.de\/main\/wp-json\/wp\/v2\/comments?post=56"}],"version-history":[{"count":6,"href":"https:\/\/kino-swa.de\/main\/wp-json\/wp\/v2\/pages\/56\/revisions"}],"predecessor-version":[{"id":434,"href":"https:\/\/kino-swa.de\/main\/wp-json\/wp\/v2\/pages\/56\/revisions\/434"}],"wp:attachment":[{"href":"https:\/\/kino-swa.de\/main\/wp-json\/wp\/v2\/media?parent=56"}],"curies":[{"name":"wp","href":"https:\/\/api.w.org\/{rel}","templated":true}]}}